{"id":12,"date":"2020-05-21T09:20:30","date_gmt":"2020-05-21T09:20:30","guid":{"rendered":"https:\/\/parkleaksmc.com\/?page_id=12"},"modified":"2020-06-04T12:38:59","modified_gmt":"2020-06-04T10:38:59","slug":"parcs","status":"publish","type":"page","link":"https:\/\/parkleaksmc.com\/fr\/parcs\/","title":{"rendered":"Parcs"},"content":{"rendered":"","protected":false},"excerpt":{"rendered":"","protected":false},"author":1,"featured_media":0,"parent":0,"menu_order":0,"comment_status":"closed","ping_status":"closed","template":"template-parks.php","meta":[],"yoast_head":"<!-- This site is optimized with the Yoast SEO plugin v19.9 - https:\/\/yoast.com\/wordpress\/plugins\/seo\/ -->\n<title>Tous les parcs dans la Communaut\u00e9 Minecraft Themepark! | ParkLeaksMC<\/title>\n<meta name=\"description\" content=\"Voir un aper\u00e7u de tous les parcs dans la communaut\u00e9 Minecraft Themepark \u00e0 ParkLeaksMC! Voir les derni\u00e8res nouvelles sur les parcs tout de suite.\" \/>\n<meta name=\"robots\" content=\"index, follow, max-snippet:-1, max-image-preview:large, max-video-preview:-1\" \/>\n<link rel=\"canonical\" href=\"https:\/\/parkleaksmc.com\/fr\/parcs\/\" \/>\n<meta property=\"og:locale\" content=\"fr_FR\" \/>\n<meta property=\"og:type\" content=\"article\" \/>\n<meta property=\"og:title\" content=\"Tous les parcs dans la Communaut\u00e9 Minecraft Themepark! | ParkLeaksMC\" \/>\n<meta property=\"og:description\" content=\"Voir un aper\u00e7u de tous les parcs dans la communaut\u00e9 Minecraft Themepark \u00e0 ParkLeaksMC! Voir les derni\u00e8res nouvelles sur les parcs tout de suite.\" \/>\n<meta property=\"og:url\" content=\"https:\/\/parkleaksmc.com\/fr\/parcs\/\" \/>\n<meta property=\"og:site_name\" content=\"ParkLeaksMC\" \/>\n<meta property=\"article:modified_time\" content=\"2020-06-04T10:38:59+00:00\" \/>\n<meta property=\"og:image\" content=\"https:\/\/parkleaksmc.com\/wp-content\/uploads\/parkleaksmc-home-thumbnail.jpg\" \/>\n\t<meta property=\"og:image:width\" content=\"1200\" \/>\n\t<meta property=\"og:image:height\" content=\"630\" \/>\n\t<meta property=\"og:image:type\" content=\"image\/jpeg\" \/>\n<meta name=\"twitter:card\" content=\"summary_large_image\" \/>\n<meta name=\"twitter:site\" content=\"@ParkLeaksMC\" \/>\n<script type=\"application\/ld+json\" class=\"yoast-schema-graph\">{\"@context\":\"https:\/\/schema.org\",\"@graph\":[{\"@type\":\"WebPage\",\"@id\":\"https:\/\/parkleaksmc.com\/fr\/parcs\/\",\"url\":\"https:\/\/parkleaksmc.com\/fr\/parcs\/\",\"name\":\"Tous les parcs dans la Communaut\u00e9 Minecraft Themepark! | ParkLeaksMC\",\"isPartOf\":{\"@id\":\"https:\/\/parkleaksmc.com\/nl\/#website\"},\"datePublished\":\"2020-05-21T09:20:30+00:00\",\"dateModified\":\"2020-06-04T10:38:59+00:00\",\"description\":\"Voir un aper\u00e7u de tous les parcs dans la communaut\u00e9 Minecraft Themepark \u00e0 ParkLeaksMC! Voir les derni\u00e8res nouvelles sur les parcs tout de suite.\",\"breadcrumb\":{\"@id\":\"https:\/\/parkleaksmc.com\/fr\/parcs\/#breadcrumb\"},\"inLanguage\":\"fr-FR\",\"potentialAction\":[{\"@type\":\"ReadAction\",\"target\":[\"https:\/\/parkleaksmc.com\/fr\/parcs\/\"]}]},{\"@type\":\"BreadcrumbList\",\"@id\":\"https:\/\/parkleaksmc.com\/fr\/parcs\/#breadcrumb\",\"itemListElement\":[{\"@type\":\"ListItem\",\"position\":1,\"name\":\"Accueil\",\"item\":\"https:\/\/parkleaksmc.com\/fr\/\"},{\"@type\":\"ListItem\",\"position\":2,\"name\":\"Parcs\"}]},{\"@type\":\"WebSite\",\"@id\":\"https:\/\/parkleaksmc.com\/nl\/#website\",\"url\":\"https:\/\/parkleaksmc.com\/nl\/\",\"name\":\"ParkLeaksMC\",\"description\":\"Th&eacute; centre of the Minecraft Themepark Community\",\"potentialAction\":[],\"inLanguage\":\"fr-FR\"}]}<\/script>\n<!-- \/ Yoast SEO plugin. -->","yoast_head_json":{"title":"Tous les parcs dans la Communaut\u00e9 Minecraft Themepark! | ParkLeaksMC","description":"Voir un aper\u00e7u de tous les parcs dans la communaut\u00e9 Minecraft Themepark \u00e0 ParkLeaksMC! Voir les derni\u00e8res nouvelles sur les parcs tout de suite.","robots":{"index":"index","follow":"follow","max-snippet":"max-snippet:-1","max-image-preview":"max-image-preview:large","max-video-preview":"max-video-preview:-1"},"canonical":"https:\/\/parkleaksmc.com\/fr\/parcs\/","og_locale":"fr_FR","og_type":"article","og_title":"Tous les parcs dans la Communaut\u00e9 Minecraft Themepark! | ParkLeaksMC","og_description":"Voir un aper\u00e7u de tous les parcs dans la communaut\u00e9 Minecraft Themepark \u00e0 ParkLeaksMC! Voir les derni\u00e8res nouvelles sur les parcs tout de suite.","og_url":"https:\/\/parkleaksmc.com\/fr\/parcs\/","og_site_name":"ParkLeaksMC","article_modified_time":"2020-06-04T10:38:59+00:00","og_image":[{"width":1200,"height":630,"url":"https:\/\/parkleaksmc.com\/wp-content\/uploads\/parkleaksmc-home-thumbnail.jpg","type":"image\/jpeg"}],"twitter_card":"summary_large_image","twitter_site":"@ParkLeaksMC","schema":{"@context":"https:\/\/schema.org","@graph":[{"@type":"WebPage","@id":"https:\/\/parkleaksmc.com\/fr\/parcs\/","url":"https:\/\/parkleaksmc.com\/fr\/parcs\/","name":"Tous les parcs dans la Communaut\u00e9 Minecraft Themepark! | ParkLeaksMC","isPartOf":{"@id":"https:\/\/parkleaksmc.com\/nl\/#website"},"datePublished":"2020-05-21T09:20:30+00:00","dateModified":"2020-06-04T10:38:59+00:00","description":"Voir un aper\u00e7u de tous les parcs dans la communaut\u00e9 Minecraft Themepark \u00e0 ParkLeaksMC! Voir les derni\u00e8res nouvelles sur les parcs tout de suite.","breadcrumb":{"@id":"https:\/\/parkleaksmc.com\/fr\/parcs\/#breadcrumb"},"inLanguage":"fr-FR","potentialAction":[{"@type":"ReadAction","target":["https:\/\/parkleaksmc.com\/fr\/parcs\/"]}]},{"@type":"BreadcrumbList","@id":"https:\/\/parkleaksmc.com\/fr\/parcs\/#breadcrumb","itemListElement":[{"@type":"ListItem","position":1,"name":"Accueil","item":"https:\/\/parkleaksmc.com\/fr\/"},{"@type":"ListItem","position":2,"name":"Parcs"}]},{"@type":"WebSite","@id":"https:\/\/parkleaksmc.com\/nl\/#website","url":"https:\/\/parkleaksmc.com\/nl\/","name":"ParkLeaksMC","description":"Th&eacute; centre of the Minecraft Themepark Community","potentialAction":[],"inLanguage":"fr-FR"}]}},"publishpress_future_action":{"enabled":false,"date":"0","action":"","terms":[],"taxonomy":""},"_links":{"self":[{"href":"https:\/\/parkleaksmc.com\/fr\/wp-json\/wp\/v2\/pages\/12"}],"collection":[{"href":"https:\/\/parkleaksmc.com\/fr\/wp-json\/wp\/v2\/pages"}],"about":[{"href":"https:\/\/parkleaksmc.com\/fr\/wp-json\/wp\/v2\/types\/page"}],"author":[{"embeddable":true,"href":"https:\/\/parkleaksmc.com\/fr\/wp-json\/wp\/v2\/users\/1"}],"replies":[{"embeddable":true,"href":"https:\/\/parkleaksmc.com\/fr\/wp-json\/wp\/v2\/comments?post=12"}],"version-history":[{"count":2,"href":"https:\/\/parkleaksmc.com\/fr\/wp-json\/wp\/v2\/pages\/12\/revisions"}],"predecessor-version":[{"id":2603,"href":"https:\/\/parkleaksmc.com\/fr\/wp-json\/wp\/v2\/pages\/12\/revisions\/2603"}],"wp:attachment":[{"href":"https:\/\/parkleaksmc.com\/fr\/wp-json\/wp\/v2\/media?parent=12"}],"curies":[{"name":"wp","href":"https:\/\/api.w.org\/{rel}","templated":true}]}}